{"id":2898,"date":"2019-07-17T05:55:11","date_gmt":"2019-07-17T05:55:11","guid":{"rendered":"https:\/\/hopelandcongo.com\/?page_id=2898"},"modified":"2025-09-19T14:37:18","modified_gmt":"2025-09-19T14:37:18","slug":"don","status":"publish","type":"page","link":"https:\/\/hopelandcongo.org\/?page_id=2898","title":{"rendered":"Don"},"content":{"rendered":"\t\t<div data-elementor-type=\"wp-post\" data-elementor-id=\"2898\" class=\"elementor elementor-2898\" data-elementor-post-type=\"page\">\n\t\t\t\t\t\t<section class=\"elementor-section elementor-top-section elementor-element elementor-element-72ec432 elementor-section-boxed elementor-section-height-default elementor-section-height-default\" data-id=\"72ec432\" data-element_type=\"section\">\n\t\t\t\t\t\t<div class=\"elementor-container elementor-column-gap-default\">\n\t\t\t\t\t<div class=\"elementor-column elementor-col-100 elementor-top-column elementor-element elementor-element-becc55f\" data-id=\"becc55f\" data-element_type=\"column\">\n\t\t\t<div class=\"elementor-widget-wrap elementor-element-populated\">\n\t\t\t\t\t\t<div class=\"elementor-element elementor-element-9514c52 elementor-widget elementor-widget-spacer\" data-id=\"9514c52\" data-element_type=\"widget\" data-widget_type=\"spacer.default\">\n\t\t\t\t<div class=\"elementor-widget-container\">\n\t\t\t\t\t\t\t<div class=\"elementor-spacer\">\n\t\t\t<div class=\"elementor-spacer-inner\"><\/div>\n\t\t<\/div>\n\t\t\t\t\t\t<\/div>\n\t\t\t\t<\/div>\n\t\t\t\t\t<\/div>\n\t\t<\/div>\n\t\t\t\t\t<\/div>\n\t\t<\/section>\n\t\t\t\t<section class=\"elementor-section elementor-top-section elementor-element elementor-element-90aecd0 elementor-section-boxed elementor-section-height-default elementor-section-height-default\" data-id=\"90aecd0\" data-element_type=\"section\">\n\t\t\t\t\t\t<div class=\"elementor-container elementor-column-gap-default\">\n\t\t\t\t\t<div class=\"elementor-column elementor-col-100 elementor-top-column elementor-element elementor-element-f2f33f0\" data-id=\"f2f33f0\" data-element_type=\"column\">\n\t\t\t<div class=\"elementor-widget-wrap elementor-element-populated\">\n\t\t\t\t\t\t<div class=\"elementor-element elementor-element-cae3358 elementor-cta--skin-classic elementor-animated-content elementor-bg-transform elementor-bg-transform-zoom-in elementor-widget elementor-widget-call-to-action\" data-id=\"cae3358\" data-element_type=\"widget\" data-widget_type=\"call-to-action.default\">\n\t\t\t\t<div class=\"elementor-widget-container\">\n\t\t\t\t\t\t\t<div class=\"elementor-cta\">\n\t\t\t\t\t<div class=\"elementor-cta__bg-wrapper\">\n\t\t\t\t<div class=\"elementor-cta__bg elementor-bg\" style=\"background-image: url(https:\/\/hopelandcongo.org\/wp-content\/uploads\/2025\/07\/IMG-20250707-WA03703-1024x494.jpg);\" role=\"img\" aria-label=\"IMG-20250707-WA0370~3\"><\/div>\n\t\t\t\t<div class=\"elementor-cta__bg-overlay\"><\/div>\n\t\t\t<\/div>\n\t\t\t\t\t\t\t<div class=\"elementor-cta__content\">\n\t\t\t\t\n\t\t\t\t\t\t\t\t\t<h1 class=\"elementor-cta__title elementor-cta__content-item elementor-content-item\">\n\t\t\t\t\t\tFaites un don aujourd\u2019hui\t\t\t\t\t<\/h1>\n\t\t\t\t\n\t\t\t\t\t\t\t\t\t<div class=\"elementor-cta__description elementor-cta__content-item elementor-content-item\">\n\t\t\t\t\t\t\ud83d\ude4f Ensemble, faisons de la r\u00e9silience une r\u00e9alit\u00e9, de l\u2019espoir une promesse, et de la transformation une victoire pour des centaines de familles.\n\nChaque contribution nous aide \u00e0 former et \u00e9quiper de jeunes agriculteurs.\t\t\t\t\t<\/div>\n\t\t\t\t\n\t\t\t\t\t\t\t\t\t<div class=\"elementor-cta__button-wrapper elementor-cta__content-item elementor-content-item \">\n\t\t\t\t\t<a class=\"elementor-cta__button elementor-button elementor-size-sm\" href=\"https:\/\/www.every.org\/hope-land-congo?utm_campaign=donate-link#\/donate\">\n\t\t\t\t\t\tDONNEZ MAINTENANT\t\t\t\t\t<\/a>\n\t\t\t\t\t<\/div>\n\t\t\t\t\t\t\t<\/div>\n\t\t\t\t\t\t<\/div>\n\t\t\t\t\t\t<\/div>\n\t\t\t\t<\/div>\n\t\t\t\t\t<\/div>\n\t\t<\/div>\n\t\t\t\t\t<\/div>\n\t\t<\/section>\n\t\t\t\t<section class=\"elementor-section elementor-top-section elementor-element elementor-element-58e3cb1 elementor-section-boxed elementor-section-height-default elementor-section-height-default\" data-id=\"58e3cb1\" data-element_type=\"section\">\n\t\t\t\t\t\t<div class=\"elementor-container elementor-column-gap-default\">\n\t\t\t\t\t<div class=\"elementor-column elementor-col-100 elementor-top-column elementor-element elementor-element-e3673fa\" data-id=\"e3673fa\" data-element_type=\"column\">\n\t\t\t<div class=\"elementor-widget-wrap elementor-element-populated\">\n\t\t\t\t\t\t<section class=\"elementor-section elementor-inner-section elementor-element elementor-element-583b5dc elementor-section-boxed elementor-section-height-default elementor-section-height-default\" data-id=\"583b5dc\" data-element_type=\"section\">\n\t\t\t\t\t\t<div class=\"elementor-container elementor-column-gap-default\">\n\t\t\t\t\t<div class=\"elementor-column elementor-col-100 elementor-inner-column elementor-element elementor-element-1069c31\" data-id=\"1069c31\" data-element_type=\"column\">\n\t\t\t<div class=\"elementor-widget-wrap elementor-element-populated\">\n\t\t\t\t\t\t<div class=\"elementor-element elementor-element-9995e57 elementor-widget elementor-widget-elementskit-heading\" data-id=\"9995e57\" data-element_type=\"widget\" data-widget_type=\"elementskit-heading.default\">\n\t\t\t\t<div class=\"elementor-widget-container\">\n\t\t\t\t\t<div class=\"ekit-wid-con\" ><div class=\"ekit-heading elementskit-section-title-wraper text_center   ekit_heading_tablet-   ekit_heading_mobile-\"><h2 class=\"ekit-heading--title elementskit-section-title \">Nous comptons sur vos g\u00e9n\u00e9reux  <span><span>dons <\/span><\/span> pour financer nos programmes et activit\u00e9s.<\/h2>\t\t\t\t<div class='ekit-heading__description'>\n\t\t\t\t\t<p><strong>NOS INFORMATIONS BANCAIRES<\/strong><\/p>\n<p>Nom Banque : Equity Bank<br \/>Num\u00e9ro de compte : 00018000210001748120055<br \/>Code SWIFT : PRCBCDKI<br \/>Pays : R\u00e9publique D\u00e9mocratique du Congo<\/p>\n\t\t\t\t<\/div>\n\t\t\t<\/div><\/div>\t\t\t\t<\/div>\n\t\t\t\t<\/div>\n\t\t\t\t<div class=\"elementor-element elementor-element-1032df1 elementor-widget elementor-widget-image\" data-id=\"1032df1\" data-element_type=\"widget\" data-widget_type=\"image.default\">\n\t\t\t\t<div class=\"elementor-widget-container\">\n\t\t\t\t\t\t\t\t\t\t\t\t\t\t\t<img fetchpriority=\"high\" decoding=\"async\" width=\"800\" height=\"534\" src=\"https:\/\/hopelandcongo.org\/wp-content\/uploads\/2020\/06\/PayPal-Logo.wine_-1024x683.png\" class=\"attachment-large size-large wp-image-5954\" alt=\"\" srcset=\"https:\/\/hopelandcongo.org\/wp-content\/uploads\/2020\/06\/PayPal-Logo.wine_-1024x683.png 1024w, https:\/\/hopelandcongo.org\/wp-content\/uploads\/2020\/06\/PayPal-Logo.wine_-300x200.png 300w, https:\/\/hopelandcongo.org\/wp-content\/uploads\/2020\/06\/PayPal-Logo.wine_-768x512.png 768w, https:\/\/hopelandcongo.org\/wp-content\/uploads\/2020\/06\/PayPal-Logo.wine_-1536x1024.png 1536w, https:\/\/hopelandcongo.org\/wp-content\/uploads\/2020\/06\/PayPal-Logo.wine_-2048x1365.png 2048w\" sizes=\"(max-width: 800px) 100vw, 800px\" \/>\t\t\t\t\t\t\t\t\t\t\t\t\t\t\t<\/div>\n\t\t\t\t<\/div>\n\t\t\t\t\t<\/div>\n\t\t<\/div>\n\t\t\t\t\t<\/div>\n\t\t<\/section>\n\t\t\t\t\t<\/div>\n\t\t<\/div>\n\t\t\t\t\t<\/div>\n\t\t<\/section>\n\t\t\t\t<\/div>\n\t\t","protected":false},"excerpt":{"rendered":"<p>Faites un don aujourd\u2019hui \ud83d\ude4f Ensemble, faisons de la r\u00e9silience une r\u00e9alit\u00e9, de l\u2019espoir une promesse, et de la transformation une victoire pour des centaines de familles. Chaque contribution nous aide \u00e0 former et \u00e9quiper de jeunes agriculteurs. DONNEZ MAINTENANT Nous comptons sur vos g\u00e9n\u00e9reux dons pour financer nos programmes et activit\u00e9s. NOS INFORMATIONS BANCAIRES [&hellip;]<\/p>\n","protected":false},"author":1,"featured_media":0,"parent":0,"menu_order":0,"comment_status":"closed","ping_status":"closed","template":"elementor_header_footer","meta":{"footnotes":""},"class_list":["post-2898","page","type-page","status-publish","hentry"],"_links":{"self":[{"href":"https:\/\/hopelandcongo.org\/index.php?rest_route=\/wp\/v2\/pages\/2898","targetHints":{"allow":["GET"]}}],"collection":[{"href":"https:\/\/hopelandcongo.org\/index.php?rest_route=\/wp\/v2\/pages"}],"about":[{"href":"https:\/\/hopelandcongo.org\/index.php?rest_route=\/wp\/v2\/types\/page"}],"author":[{"embeddable":true,"href":"https:\/\/hopelandcongo.org\/index.php?rest_route=\/wp\/v2\/users\/1"}],"replies":[{"embeddable":true,"href":"https:\/\/hopelandcongo.org\/index.php?rest_route=%2Fwp%2Fv2%2Fcomments&post=2898"}],"version-history":[{"count":23,"href":"https:\/\/hopelandcongo.org\/index.php?rest_route=\/wp\/v2\/pages\/2898\/revisions"}],"predecessor-version":[{"id":8119,"href":"https:\/\/hopelandcongo.org\/index.php?rest_route=\/wp\/v2\/pages\/2898\/revisions\/8119"}],"wp:attachment":[{"href":"https:\/\/hopelandcongo.org\/index.php?rest_route=%2Fwp%2Fv2%2Fmedia&parent=2898"}],"curies":[{"name":"wp","href":"https:\/\/api.w.org\/{rel}","templated":true}]}}