{"id":8025,"date":"2025-09-17T22:37:14","date_gmt":"2025-09-17T22:37:14","guid":{"rendered":"https:\/\/hopelandcongo.org\/?page_id=8025"},"modified":"2025-09-19T21:11:42","modified_gmt":"2025-09-19T21:11:42","slug":"agrischool-academy-congo","status":"publish","type":"page","link":"https:\/\/hopelandcongo.org\/?page_id=8025","title":{"rendered":"Agrischool Academy Congo"},"content":{"rendered":"\t\t<div data-elementor-type=\"wp-page\" data-elementor-id=\"8025\" class=\"elementor elementor-8025\" data-elementor-post-type=\"page\">\n\t\t\t\t\t\t<section class=\"elementor-section elementor-top-section elementor-element elementor-element-a8ce495 elementor-section-boxed elementor-section-height-default elementor-section-height-default\" data-id=\"a8ce495\" data-element_type=\"section\">\n\t\t\t\t\t\t<div class=\"elementor-container elementor-column-gap-default\">\n\t\t\t\t\t<div class=\"elementor-column elementor-col-100 elementor-top-column elementor-element elementor-element-ca03cb5\" data-id=\"ca03cb5\" data-element_type=\"column\">\n\t\t\t<div class=\"elementor-widget-wrap elementor-element-populated\">\n\t\t\t\t\t\t<div class=\"elementor-element elementor-element-43e0fa6 elementor-widget elementor-widget-spacer\" data-id=\"43e0fa6\" data-element_type=\"widget\" data-widget_type=\"spacer.default\">\n\t\t\t\t<div class=\"elementor-widget-container\">\n\t\t\t\t\t\t\t<div class=\"elementor-spacer\">\n\t\t\t<div class=\"elementor-spacer-inner\"><\/div>\n\t\t<\/div>\n\t\t\t\t\t\t<\/div>\n\t\t\t\t<\/div>\n\t\t\t\t\t<\/div>\n\t\t<\/div>\n\t\t\t\t\t<\/div>\n\t\t<\/section>\n\t\t\t\t<section class=\"elementor-section elementor-top-section elementor-element elementor-element-c397e44 elementor-section-boxed elementor-section-height-default elementor-section-height-default\" data-id=\"c397e44\" data-element_type=\"section\">\n\t\t\t\t\t\t<div class=\"elementor-container elementor-column-gap-default\">\n\t\t\t\t\t<div class=\"elementor-column elementor-col-33 elementor-top-column elementor-element elementor-element-2e68b0a\" data-id=\"2e68b0a\" data-element_type=\"column\">\n\t\t\t<div class=\"elementor-widget-wrap elementor-element-populated\">\n\t\t\t\t\t\t<div class=\"elementor-element elementor-element-ad88945 elementor-widget elementor-widget-image\" data-id=\"ad88945\" data-element_type=\"widget\" data-widget_type=\"image.default\">\n\t\t\t\t<div class=\"elementor-widget-container\">\n\t\t\t\t\t\t\t\t\t\t\t\t\t\t\t\t<a href=\"https:\/\/agrischool.org\" target=\"_blank\">\n\t\t\t\t\t\t\t<img fetchpriority=\"high\" decoding=\"async\" width=\"500\" height=\"500\" src=\"https:\/\/hopelandcongo.org\/wp-content\/uploads\/2025\/09\/LOGOS39.gif\" class=\"attachment-medium_large size-medium_large wp-image-8042\" alt=\"\" \/>\t\t\t\t\t\t\t\t<\/a>\n\t\t\t\t\t\t\t\t\t\t\t\t\t\t\t<\/div>\n\t\t\t\t<\/div>\n\t\t\t\t\t<\/div>\n\t\t<\/div>\n\t\t\t\t<div class=\"elementor-column elementor-col-66 elementor-top-column elementor-element elementor-element-f721308\" data-id=\"f721308\" data-element_type=\"column\">\n\t\t\t<div class=\"elementor-widget-wrap elementor-element-populated\">\n\t\t\t\t\t\t<div class=\"elementor-element elementor-element-77878c2 elementor-widget elementor-widget-text-editor\" data-id=\"77878c2\" data-element_type=\"widget\" data-widget_type=\"text-editor.default\">\n\t\t\t\t<div class=\"elementor-widget-container\">\n\t\t\t\t\t\t\t\t\t<p><span style=\"color: #000000;\"><strong>Programme de formation en Agribusiness et \u00e0 l\u2019apprentissage de l\u2019agriculture \u00e9cologique et innovation.<\/strong><\/span><\/p>\n<p><span style=\"color: #000000;\">AgriSchool est un programme de formation \u00e0 l\u2019apprentissage de l\u2019agriculture \u00e9cologique et innovation dans l\u2019entreprenariat agricole. Ce programme consiste \u00e0 la formation des jeunes agriculteurs de toutes cat\u00e9gories sur de techniques agricoles bas\u00e9es sur l\u2019innovation, la rentabilit\u00e9, la protection de l\u2019environnement et \u00e0 la cr\u00e9ation de revenuss, en vue de contribuer au d\u00e9veloppement durable du pays.<\/span><\/p>\n<p><span style=\"color: #000000;\">La formation consiste en 7 jours d\u2019activit\u00e9s intenses et riches sur les plans pratique et th\u00e9orique sur lespratiques agricoles respectueuses de l\u2019environnement et entreprenariat vert bas\u00e9e sur tous les maillons de la chaine de valeur agricole.<\/span><\/p>\t\t\t\t\t\t\t\t<\/div>\n\t\t\t\t<\/div>\n\t\t\t\t\t<\/div>\n\t\t<\/div>\n\t\t\t\t\t<\/div>\n\t\t<\/section>\n\t\t\t\t<section class=\"elementor-section elementor-top-section elementor-element elementor-element-5ac71d9 elementor-section-boxed elementor-section-height-default elementor-section-height-default\" data-id=\"5ac71d9\" data-element_type=\"section\">\n\t\t\t\t\t\t<div class=\"elementor-container elementor-column-gap-default\">\n\t\t\t\t\t<div class=\"elementor-column elementor-col-100 elementor-top-column elementor-element elementor-element-52fa7b8\" data-id=\"52fa7b8\" data-element_type=\"column\">\n\t\t\t<div class=\"elementor-widget-wrap elementor-element-populated\">\n\t\t\t\t\t\t<div class=\"elementor-element elementor-element-3f56288 elementor-cta--skin-classic elementor-animated-content elementor-bg-transform elementor-bg-transform-zoom-in elementor-widget elementor-widget-call-to-action\" data-id=\"3f56288\" data-element_type=\"widget\" data-widget_type=\"call-to-action.default\">\n\t\t\t\t<div class=\"elementor-widget-container\">\n\t\t\t\t\t\t\t<div class=\"elementor-cta\">\n\t\t\t\t\t<div class=\"elementor-cta__bg-wrapper\">\n\t\t\t\t<div class=\"elementor-cta__bg elementor-bg\" style=\"background-image: url(https:\/\/hopelandcongo.org\/wp-content\/uploads\/2023\/12\/543A9694-1024x683.webp);\" role=\"img\" aria-label=\"543A9694\"><\/div>\n\t\t\t\t<div class=\"elementor-cta__bg-overlay\"><\/div>\n\t\t\t<\/div>\n\t\t\t\t\t\t\t<div class=\"elementor-cta__content\">\n\t\t\t\t\n\t\t\t\t\t\t\t\t\t<h2 class=\"elementor-cta__title elementor-cta__content-item elementor-content-item\">\n\t\t\t\t\t\tSoutien & Engagement\t\t\t\t\t<\/h2>\n\t\t\t\t\n\t\t\t\t\t\t\t\t\t<div class=\"elementor-cta__description elementor-cta__content-item elementor-content-item\">\n\t\t\t\t\t\tInvestir dans la jeunesse, c\u2019est investir dans l\u2019avenir \u2013 Soutenez les jeunes leaders qui fa\u00e7onnent une agriculture durable.\t\t\t\t\t<\/div>\n\t\t\t\t\n\t\t\t\t\t\t\t\t\t<div class=\"elementor-cta__button-wrapper elementor-cta__content-item elementor-content-item \">\n\t\t\t\t\t<a class=\"elementor-cta__button elementor-button elementor-size-sm\" href=\"https:\/\/agrischool.org\" target=\"_blank\">\n\t\t\t\t\t\tD\u00e9couvrir notre programme\t\t\t\t\t<\/a>\n\t\t\t\t\t<\/div>\n\t\t\t\t\t\t\t<\/div>\n\t\t\t\t\t\t<\/div>\n\t\t\t\t\t\t<\/div>\n\t\t\t\t<\/div>\n\t\t\t\t\t<\/div>\n\t\t<\/div>\n\t\t\t\t\t<\/div>\n\t\t<\/section>\n\t\t\t\t<section class=\"elementor-section elementor-top-section elementor-element elementor-element-9b198fb elementor-section-boxed elementor-section-height-default elementor-section-height-default\" data-id=\"9b198fb\" data-element_type=\"section\">\n\t\t\t\t\t\t<div class=\"elementor-container elementor-column-gap-default\">\n\t\t\t\t\t<div class=\"elementor-column elementor-col-100 elementor-top-column elementor-element elementor-element-c012d0a\" data-id=\"c012d0a\" data-element_type=\"column\">\n\t\t\t<div class=\"elementor-widget-wrap elementor-element-populated\">\n\t\t\t\t\t\t<div class=\"elementor-element elementor-element-58db3b7 elementor-widget elementor-widget-text-editor\" data-id=\"58db3b7\" data-element_type=\"widget\" data-widget_type=\"text-editor.default\">\n\t\t\t\t<div class=\"elementor-widget-container\">\n\t\t\t\t\t\t\t\t\t<p style=\"text-align: center;\"><span style=\"font-size: 18pt; color: #000000;\"><strong>CONTEXTE ET JUSTIFICATION<\/strong><\/span><\/p>\t\t\t\t\t\t\t\t<\/div>\n\t\t\t\t<\/div>\n\t\t\t\t\t<\/div>\n\t\t<\/div>\n\t\t\t\t\t<\/div>\n\t\t<\/section>\n\t\t\t\t<section class=\"elementor-section elementor-top-section elementor-element elementor-element-b864847 elementor-section-boxed elementor-section-height-default elementor-section-height-default\" data-id=\"b864847\" data-element_type=\"section\">\n\t\t\t\t\t\t<div class=\"elementor-container elementor-column-gap-default\">\n\t\t\t\t\t<div class=\"elementor-column elementor-col-100 elementor-top-column elementor-element elementor-element-d48377f\" data-id=\"d48377f\" data-element_type=\"column\">\n\t\t\t<div class=\"elementor-widget-wrap elementor-element-populated\">\n\t\t\t\t\t\t<div class=\"elementor-element elementor-element-44b69f0 elementor-widget elementor-widget-text-editor\" data-id=\"44b69f0\" data-element_type=\"widget\" data-widget_type=\"text-editor.default\">\n\t\t\t\t<div class=\"elementor-widget-container\">\n\t\t\t\t\t\t\t\t\t<p><span style=\"color: #000000;\">Ce programme est un incubateur de petites et moyennes entreprises gr\u00e2ce \u00e0 ses diff\u00e9rents modules de coaching acc\u00e9l\u00e9r\u00e9 sur l\u2019\u00e9laboration de projets de PME agricole. Ce faisant, le programme vise \u00e0 permettre aux apprenants de se lancer avec succ\u00e8s dans l\u2019agrobusiness et d\u2019en faire un moyen de subsistance tout en assurant leur autonomie financi\u00e8re et leur participation au d\u00e9veloppement communautaire par la cr\u00e9ation d\u2019emplois durables dans l\u2019optique de lutter contre le ch\u00f4mage et la pauvret\u00e9 de jeunes en RDC.<\/span><\/p>\t\t\t\t\t\t\t\t<\/div>\n\t\t\t\t<\/div>\n\t\t\t\t\t<\/div>\n\t\t<\/div>\n\t\t\t\t\t<\/div>\n\t\t<\/section>\n\t\t\t\t<section class=\"elementor-section elementor-top-section elementor-element elementor-element-b89bcac elementor-section-boxed elementor-section-height-default elementor-section-height-default\" data-id=\"b89bcac\" data-element_type=\"section\">\n\t\t\t\t\t\t<div class=\"elementor-container elementor-column-gap-default\">\n\t\t\t\t\t<div class=\"elementor-column elementor-col-100 elementor-top-column elementor-element elementor-element-4734728\" data-id=\"4734728\" data-element_type=\"column\">\n\t\t\t<div class=\"elementor-widget-wrap elementor-element-populated\">\n\t\t\t\t\t\t<div class=\"elementor-element elementor-element-8ac699f elementor-widget__width-initial elementor-arrows-position-inside elementor-pagination-position-outside elementor-widget elementor-widget-image-carousel\" data-id=\"8ac699f\" data-element_type=\"widget\" data-settings=\"{&quot;slides_to_show&quot;:&quot;1&quot;,&quot;navigation&quot;:&quot;both&quot;,&quot;autoplay&quot;:&quot;yes&quot;,&quot;pause_on_hover&quot;:&quot;yes&quot;,&quot;pause_on_interaction&quot;:&quot;yes&quot;,&quot;autoplay_speed&quot;:5000,&quot;infinite&quot;:&quot;yes&quot;,&quot;effect&quot;:&quot;slide&quot;,&quot;speed&quot;:500}\" data-widget_type=\"image-carousel.default\">\n\t\t\t\t<div class=\"elementor-widget-container\">\n\t\t\t\t\t\t\t<div class=\"elementor-image-carousel-wrapper swiper\" role=\"region\" aria-roledescription=\"carousel\" aria-label=\"Carrousel d\u2019images\" dir=\"ltr\">\n\t\t\t<div class=\"elementor-image-carousel swiper-wrapper swiper-image-stretch\" aria-live=\"off\">\n\t\t\t\t\t\t\t\t<div class=\"swiper-slide\" role=\"group\" aria-roledescription=\"slide\" aria-label=\"1 sur 12\"><figure class=\"swiper-slide-inner\"><img decoding=\"async\" class=\"swiper-slide-image\" src=\"https:\/\/hopelandcongo.org\/wp-content\/uploads\/2025\/07\/IMG-20250707-WA03703-768x371.jpg\" alt=\"IMG-20250707-WA0370~3\" \/><\/figure><\/div><div class=\"swiper-slide\" role=\"group\" aria-roledescription=\"slide\" aria-label=\"2 sur 12\"><figure class=\"swiper-slide-inner\"><img decoding=\"async\" class=\"swiper-slide-image\" src=\"https:\/\/hopelandcongo.org\/wp-content\/uploads\/2025\/09\/JK20250904Agrischool-2609-768x512.jpg\" alt=\"JK20250904Agrischool-2609\" \/><\/figure><\/div><div class=\"swiper-slide\" role=\"group\" aria-roledescription=\"slide\" aria-label=\"3 sur 12\"><figure class=\"swiper-slide-inner\"><img decoding=\"async\" class=\"swiper-slide-image\" src=\"https:\/\/hopelandcongo.org\/wp-content\/uploads\/2024\/08\/FB_IMG_1725121775995-768x576.jpg\" alt=\"FB_IMG_1725121775995\" \/><\/figure><\/div><div class=\"swiper-slide\" role=\"group\" aria-roledescription=\"slide\" aria-label=\"4 sur 12\"><figure class=\"swiper-slide-inner\"><img decoding=\"async\" class=\"swiper-slide-image\" src=\"https:\/\/hopelandcongo.org\/wp-content\/uploads\/2024\/08\/FB_IMG_1725121761728-768x576.jpg\" alt=\"FB_IMG_1725121761728\" \/><\/figure><\/div><div class=\"swiper-slide\" role=\"group\" aria-roledescription=\"slide\" aria-label=\"5 sur 12\"><figure class=\"swiper-slide-inner\"><img decoding=\"async\" class=\"swiper-slide-image\" src=\"https:\/\/hopelandcongo.org\/wp-content\/uploads\/2024\/08\/IMG_1504-768x577.jpg\" alt=\"IMG_1504\" \/><\/figure><\/div><div class=\"swiper-slide\" role=\"group\" aria-roledescription=\"slide\" aria-label=\"6 sur 12\"><figure class=\"swiper-slide-inner\"><img decoding=\"async\" class=\"swiper-slide-image\" src=\"https:\/\/hopelandcongo.org\/wp-content\/uploads\/2024\/06\/DSC04279-768x432.jpg\" alt=\"DSC04279\" \/><\/figure><\/div><div class=\"swiper-slide\" role=\"group\" aria-roledescription=\"slide\" aria-label=\"7 sur 12\"><figure class=\"swiper-slide-inner\"><img decoding=\"async\" class=\"swiper-slide-image\" src=\"https:\/\/hopelandcongo.org\/wp-content\/uploads\/2024\/06\/DSC04231-768x432.jpg\" alt=\"DSC04231\" \/><\/figure><\/div><div class=\"swiper-slide\" role=\"group\" aria-roledescription=\"slide\" aria-label=\"8 sur 12\"><figure class=\"swiper-slide-inner\"><img decoding=\"async\" class=\"swiper-slide-image\" src=\"https:\/\/hopelandcongo.org\/wp-content\/uploads\/2024\/06\/DSC04119-768x432.jpg\" alt=\"DSC04119\" \/><\/figure><\/div><div class=\"swiper-slide\" role=\"group\" aria-roledescription=\"slide\" aria-label=\"9 sur 12\"><figure class=\"swiper-slide-inner\"><img decoding=\"async\" class=\"swiper-slide-image\" src=\"https:\/\/hopelandcongo.org\/wp-content\/uploads\/2024\/06\/IMG-20240605-WA0147-768x512.jpg\" alt=\"IMG-20240605-WA0147\" \/><\/figure><\/div><div class=\"swiper-slide\" role=\"group\" aria-roledescription=\"slide\" aria-label=\"10 sur 12\"><figure class=\"swiper-slide-inner\"><img decoding=\"async\" class=\"swiper-slide-image\" src=\"https:\/\/hopelandcongo.org\/wp-content\/uploads\/2024\/06\/IMG-20240605-WA0139-768x512.jpg\" alt=\"IMG-20240605-WA0139\" \/><\/figure><\/div><div class=\"swiper-slide\" role=\"group\" aria-roledescription=\"slide\" aria-label=\"11 sur 12\"><figure class=\"swiper-slide-inner\"><img decoding=\"async\" class=\"swiper-slide-image\" src=\"https:\/\/hopelandcongo.org\/wp-content\/uploads\/2023\/12\/543A9419-768x512.webp\" alt=\"543A9419\" \/><\/figure><\/div><div class=\"swiper-slide\" role=\"group\" aria-roledescription=\"slide\" aria-label=\"12 sur 12\"><figure class=\"swiper-slide-inner\"><img decoding=\"async\" class=\"swiper-slide-image\" src=\"https:\/\/hopelandcongo.org\/wp-content\/uploads\/2024\/03\/CARBONE-KISANTU-3-768x512.jpeg\" alt=\"CARBONE-KISANTU (3)\" \/><\/figure><\/div>\t\t\t<\/div>\n\t\t\t\t\t\t\t\t\t\t\t\t<div class=\"elementor-swiper-button elementor-swiper-button-prev\" role=\"button\" tabindex=\"0\">\n\t\t\t\t\t\t<i aria-hidden=\"true\" class=\"eicon-chevron-left\"><\/i>\t\t\t\t\t<\/div>\n\t\t\t\t\t<div class=\"elementor-swiper-button elementor-swiper-button-next\" role=\"button\" tabindex=\"0\">\n\t\t\t\t\t\t<i aria-hidden=\"true\" class=\"eicon-chevron-right\"><\/i>\t\t\t\t\t<\/div>\n\t\t\t\t\n\t\t\t\t\t\t\t\t\t<div class=\"swiper-pagination\"><\/div>\n\t\t\t\t\t\t\t\t\t<\/div>\n\t\t\t\t\t\t<\/div>\n\t\t\t\t<\/div>\n\t\t\t\t\t<\/div>\n\t\t<\/div>\n\t\t\t\t\t<\/div>\n\t\t<\/section>\n\t\t\t\t<section class=\"elementor-section elementor-top-section elementor-element elementor-element-1fe1e3d elementor-section-boxed elementor-section-height-default elementor-section-height-default\" data-id=\"1fe1e3d\" data-element_type=\"section\">\n\t\t\t\t\t\t<div class=\"elementor-container elementor-column-gap-default\">\n\t\t\t\t\t<div class=\"elementor-column elementor-col-100 elementor-top-column elementor-element elementor-element-c004cb0\" data-id=\"c004cb0\" data-element_type=\"column\">\n\t\t\t<div class=\"elementor-widget-wrap elementor-element-populated\">\n\t\t\t\t\t\t<div class=\"elementor-element elementor-element-2fc443c elementor-align-center elementor-button-info elementor-widget elementor-widget-button\" data-id=\"2fc443c\" data-element_type=\"widget\" data-widget_type=\"button.default\">\n\t\t\t\t<div class=\"elementor-widget-container\">\n\t\t\t\t\t\t\t\t\t<div class=\"elementor-button-wrapper\">\n\t\t\t\t\t<a class=\"elementor-button elementor-button-link elementor-size-sm\" href=\"https:\/\/agrischool.org\/\" target=\"_blank\">\n\t\t\t\t\t\t<span class=\"elementor-button-content-wrapper\">\n\t\t\t\t\t\t<span class=\"elementor-button-icon\">\n\t\t\t\t<i aria-hidden=\"true\" class=\"icon icon-pointer-right\"><\/i>\t\t\t<\/span>\n\t\t\t\t\t\t\t\t\t<span class=\"elementor-button-text\">Explorer  le programme<\/span>\n\t\t\t\t\t<\/span>\n\t\t\t\t\t<\/a>\n\t\t\t\t<\/div>\n\t\t\t\t\t\t\t\t<\/div>\n\t\t\t\t<\/div>\n\t\t\t\t\t<\/div>\n\t\t<\/div>\n\t\t\t\t\t<\/div>\n\t\t<\/section>\n\t\t\t\t<section class=\"elementor-section elementor-top-section elementor-element elementor-element-4486993 elementor-section-boxed elementor-section-height-default elementor-section-height-default\" data-id=\"4486993\" data-element_type=\"section\">\n\t\t\t\t\t\t<div class=\"elementor-container elementor-column-gap-default\">\n\t\t\t\t\t<div class=\"elementor-column elementor-col-100 elementor-top-column elementor-element elementor-element-bcd8b54\" data-id=\"bcd8b54\" data-element_type=\"column\">\n\t\t\t<div class=\"elementor-widget-wrap elementor-element-populated\">\n\t\t\t\t\t\t<div class=\"elementor-element elementor-element-9408ec9 elementor-widget elementor-widget-spacer\" data-id=\"9408ec9\" data-element_type=\"widget\" data-widget_type=\"spacer.default\">\n\t\t\t\t<div class=\"elementor-widget-container\">\n\t\t\t\t\t\t\t<div class=\"elementor-spacer\">\n\t\t\t<div class=\"elementor-spacer-inner\"><\/div>\n\t\t<\/div>\n\t\t\t\t\t\t<\/div>\n\t\t\t\t<\/div>\n\t\t\t\t\t<\/div>\n\t\t<\/div>\n\t\t\t\t\t<\/div>\n\t\t<\/section>\n\t\t\t\t<section class=\"elementor-section elementor-top-section elementor-element elementor-element-34a3d6f elementor-section-boxed elementor-section-height-default elementor-section-height-default\" data-id=\"34a3d6f\" data-element_type=\"section\">\n\t\t\t\t\t\t<div class=\"elementor-container elementor-column-gap-default\">\n\t\t\t\t\t<div class=\"elementor-column elementor-col-100 elementor-top-column elementor-element elementor-element-0128f48\" data-id=\"0128f48\" data-element_type=\"column\">\n\t\t\t<div class=\"elementor-widget-wrap elementor-element-populated\">\n\t\t\t\t\t\t<section class=\"elementor-section elementor-inner-section elementor-element elementor-element-2f7d678 elementor-section-boxed elementor-section-height-default elementor-section-height-default\" data-id=\"2f7d678\" data-element_type=\"section\">\n\t\t\t\t\t\t<div class=\"elementor-container elementor-column-gap-default\">\n\t\t\t\t\t<div class=\"elementor-column elementor-col-50 elementor-inner-column elementor-element elementor-element-776ae95\" data-id=\"776ae95\" data-element_type=\"column\">\n\t\t\t<div class=\"elementor-widget-wrap elementor-element-populated\">\n\t\t\t\t\t\t<div class=\"elementor-element elementor-element-4f636ee elementor-widget elementor-widget-image\" data-id=\"4f636ee\" data-element_type=\"widget\" data-widget_type=\"image.default\">\n\t\t\t\t<div class=\"elementor-widget-container\">\n\t\t\t\t\t\t\t\t\t\t\t\t\t\t\t<img decoding=\"async\" width=\"768\" height=\"512\" src=\"https:\/\/hopelandcongo.org\/wp-content\/uploads\/2023\/12\/543A9619-768x512.webp\" class=\"attachment-medium_large size-medium_large wp-image-7179\" alt=\"\" srcset=\"https:\/\/hopelandcongo.org\/wp-content\/uploads\/2023\/12\/543A9619-768x512.webp 768w, https:\/\/hopelandcongo.org\/wp-content\/uploads\/2023\/12\/543A9619-300x200.webp 300w, https:\/\/hopelandcongo.org\/wp-content\/uploads\/2023\/12\/543A9619-1024x683.webp 1024w, https:\/\/hopelandcongo.org\/wp-content\/uploads\/2023\/12\/543A9619-1536x1024.webp 1536w, https:\/\/hopelandcongo.org\/wp-content\/uploads\/2023\/12\/543A9619-2048x1365.webp 2048w\" sizes=\"(max-width: 768px) 100vw, 768px\" \/>\t\t\t\t\t\t\t\t\t\t\t\t\t\t\t<\/div>\n\t\t\t\t<\/div>\n\t\t\t\t\t<\/div>\n\t\t<\/div>\n\t\t\t\t<div class=\"elementor-column elementor-col-50 elementor-inner-column elementor-element elementor-element-2cc2b7d\" data-id=\"2cc2b7d\" data-element_type=\"column\">\n\t\t\t<div class=\"elementor-widget-wrap elementor-element-populated\">\n\t\t\t\t\t\t<div class=\"elementor-element elementor-element-5258ff1 elementor-widget elementor-widget-text-editor\" data-id=\"5258ff1\" data-element_type=\"widget\" data-widget_type=\"text-editor.default\">\n\t\t\t\t<div class=\"elementor-widget-container\">\n\t\t\t\t\t\t\t\t\t<p>\u00a0<\/p>\n<p><span style=\"color: #000000; font-size: 14pt;\"><strong>Appel \u00e0 la<\/strong> <strong>g\u00e9n\u00e9rosit\u00e9 pour l&rsquo;Agrischool Academy Congo<\/strong><\/span><\/p>\n<p>Soutenez les jeunes entrepreneurs en agribusiness et en agriculture \u00e9cologique en faisant un don \u00e0 l&rsquo;Agrischool Academy. Votre contribution renforce nos actions en mati\u00e8re de formation, d&rsquo;innovation et de d\u00e9veloppement durable. Ensemble, nous b\u00e2tissons un avenir plus inclusif et prosp\u00e8re pour les communaut\u00e9s en R\u00e9publique D\u00e9mocratique du Congo.<\/p>\n<p><\/p>\n<div class=\"wp-block-buttons is-content-justification-center is-layout-flex wp-container-core-buttons-is-layout-16018d1d wp-block-buttons-is-layout-flex\">\n<p><\/p>\n<div class=\"wp-block-button is-style-outline is-style-outline--2\" style=\"text-align: center;\"><a class=\"wp-block-button__link wp-element-button\" href=\"https:\/\/www.every.org\/hope-land-congo\" target=\"_blank\" rel=\"noreferrer noopener\"><strong>contribuer<\/strong><\/a><\/div>\n<p><\/p>\n<\/div>\n<p><\/p>\n<p>Merci de votre g\u00e9n\u00e9rosit\u00e9 et de croire en notre mission !<\/p>\t\t\t\t\t\t\t\t<\/div>\n\t\t\t\t<\/div>\n\t\t\t\t\t<\/div>\n\t\t<\/div>\n\t\t\t\t\t<\/div>\n\t\t<\/section>\n\t\t\t\t\t<\/div>\n\t\t<\/div>\n\t\t\t\t\t<\/div>\n\t\t<\/section>\n\t\t\t\t<\/div>\n\t\t","protected":false},"excerpt":{"rendered":"<p>Programme de formation en Agribusiness et \u00e0 l\u2019apprentissage de l\u2019agriculture \u00e9cologique et innovation. AgriSchool est un programme de formation \u00e0 l\u2019apprentissage de l\u2019agriculture \u00e9cologique et innovation dans l\u2019entreprenariat agricole. Ce programme consiste \u00e0 la formation des jeunes agriculteurs de toutes cat\u00e9gories sur de techniques agricoles bas\u00e9es sur l\u2019innovation, la rentabilit\u00e9, la protection de l\u2019environnement et [&hellip;]<\/p>\n","protected":false},"author":1,"featured_media":0,"parent":0,"menu_order":0,"comment_status":"closed","ping_status":"closed","template":"elementor_header_footer","meta":{"footnotes":""},"class_list":["post-8025","page","type-page","status-publish","hentry"],"_links":{"self":[{"href":"https:\/\/hopelandcongo.org\/index.php?rest_route=\/wp\/v2\/pages\/8025","targetHints":{"allow":["GET"]}}],"collection":[{"href":"https:\/\/hopelandcongo.org\/index.php?rest_route=\/wp\/v2\/pages"}],"about":[{"href":"https:\/\/hopelandcongo.org\/index.php?rest_route=\/wp\/v2\/types\/page"}],"author":[{"embeddable":true,"href":"https:\/\/hopelandcongo.org\/index.php?rest_route=\/wp\/v2\/users\/1"}],"replies":[{"embeddable":true,"href":"https:\/\/hopelandcongo.org\/index.php?rest_route=%2Fwp%2Fv2%2Fcomments&post=8025"}],"version-history":[{"count":76,"href":"https:\/\/hopelandcongo.org\/index.php?rest_route=\/wp\/v2\/pages\/8025\/revisions"}],"predecessor-version":[{"id":8248,"href":"https:\/\/hopelandcongo.org\/index.php?rest_route=\/wp\/v2\/pages\/8025\/revisions\/8248"}],"wp:attachment":[{"href":"https:\/\/hopelandcongo.org\/index.php?rest_route=%2Fwp%2Fv2%2Fmedia&parent=8025"}],"curies":[{"name":"wp","href":"https:\/\/api.w.org\/{rel}","templated":true}]}}